{"id":67,"date":"2017-12-03T00:49:21","date_gmt":"2017-12-02T23:49:21","guid":{"rendered":"http:\/\/orthopraxis-barz.de\/?page_id=67"},"modified":"2024-01-21T12:39:45","modified_gmt":"2024-01-21T11:39:45","slug":"endoprothetik","status":"publish","type":"page","link":"https:\/\/orthopraxis-barz.de\/?page_id=67","title":{"rendered":"Endoprothetik"},"content":{"rendered":"<div id=\"matrix_1615481\" class=\"sortable-matrix\" data-matrixid=\"1615481\">\n<div class=\"n module-type-text diyfeLiveArea \">\n<p>H\u00fcftendoprothetik nach erfolgloser konservativer Therapie<\/p>\n<\/div>\n<div class=\"n module-type-text diyfeLiveArea \">\n<p>Die Operationen werden in den Krankenh\u00e4usern in Wolgast und Pasewalk durchgef\u00fchrt. Die Operationsvorbereitung und Aufkl\u00e4rung, die Operation und die postoperative Nachsorge erfolgen durch Privatdozent Dr. Thomas Barz. Bei den Operationen wird er durch Dr. Robert Barz unterst\u00fctzt.<\/p>\n<\/div>\n<div class=\"n module-type-text diyfeLiveArea \">\n<p>Weitere Informationen zum Ablauf erhalten Sie bei der Vorstellung in der Praxis.<\/p>\n<\/div>\n<\/div>\n","protected":false},"excerpt":{"rendered":"<p>H\u00fcftendoprothetik nach erfolgloser konservativer Therapie Die Operationen werden in den Krankenh\u00e4usern in Wolgast und Pasewalk durchgef\u00fchrt. Die Operationsvorbereitung und Aufkl\u00e4rung, die Operation und die postoperative Nachsorge erfolgen durch Privatdozent Dr. Thomas Barz. Bei den Operationen wird er durch Dr. Robert Barz unterst\u00fctzt. Weitere Informationen zum Ablauf erhalten Sie bei der Vorstellung in der Praxis.<\/p>\n","protected":false},"author":1,"featured_media":0,"parent":0,"menu_order":0,"comment_status":"closed","ping_status":"closed","template":"","meta":[],"_links":{"self":[{"href":"https:\/\/orthopraxis-barz.de\/index.php?rest_route=\/wp\/v2\/pages\/67"}],"collection":[{"href":"https:\/\/orthopraxis-barz.de\/index.php?rest_route=\/wp\/v2\/pages"}],"about":[{"href":"https:\/\/orthopraxis-barz.de\/index.php?rest_route=\/wp\/v2\/types\/page"}],"author":[{"embeddable":true,"href":"https:\/\/orthopraxis-barz.de\/index.php?rest_route=\/wp\/v2\/users\/1"}],"replies":[{"embeddable":true,"href":"https:\/\/orthopraxis-barz.de\/index.php?rest_route=%2Fwp%2Fv2%2Fcomments&post=67"}],"version-history":[{"count":2,"href":"https:\/\/orthopraxis-barz.de\/index.php?rest_route=\/wp\/v2\/pages\/67\/revisions"}],"predecessor-version":[{"id":301,"href":"https:\/\/orthopraxis-barz.de\/index.php?rest_route=\/wp\/v2\/pages\/67\/revisions\/301"}],"wp:attachment":[{"href":"https:\/\/orthopraxis-barz.de\/index.php?rest_route=%2Fwp%2Fv2%2Fmedia&parent=67"}],"curies":[{"name":"wp","href":"https:\/\/api.w.org\/{rel}","templated":true}]}}