{"id":50,"date":"2017-12-03T00:47:05","date_gmt":"2017-12-02T23:47:05","guid":{"rendered":"http:\/\/orthopraxis-barz.de\/?page_id=50"},"modified":"2018-11-18T19:10:04","modified_gmt":"2018-11-18T18:10:04","slug":"dr-thomas-barz-2","status":"publish","type":"page","link":"https:\/\/orthopraxis-barz.de\/?page_id=50","title":{"rendered":"Privatdozent Dr. med. habil. Thomas Barz"},"content":{"rendered":"<div class=\"n module-type-hr diyfeLiveArea \">\n<div>\n<div class=\"n module-type-header diyfeLiveArea \">\n<figure id=\"attachment_131\" aria-describedby=\"caption-attachment-131\" style=\"width: 525px\" class=\"wp-caption alignleft\"><a href=\"https:\/\/de.wikipedia.org\/wiki\/Thomas_Barz\"><img decoding=\"async\" loading=\"lazy\" class=\"wp-image-131 size-large\" src=\"https:\/\/orthopraxis-barz.de\/wp-content\/uploads\/2017\/12\/IMG_6601-1024x768.jpg\" alt=\"\" width=\"525\" height=\"394\" srcset=\"https:\/\/orthopraxis-barz.de\/wp-content\/uploads\/2017\/12\/IMG_6601-1024x768.jpg 1024w, https:\/\/orthopraxis-barz.de\/wp-content\/uploads\/2017\/12\/IMG_6601-300x225.jpg 300w, https:\/\/orthopraxis-barz.de\/wp-content\/uploads\/2017\/12\/IMG_6601-768x576.jpg 768w, https:\/\/orthopraxis-barz.de\/wp-content\/uploads\/2017\/12\/IMG_6601.jpg 2016w\" sizes=\"(max-width: 525px) 100vw, 525px\" \/><\/a><figcaption id=\"caption-attachment-131\" class=\"wp-caption-text\">https:\/\/de.wikipedia.org\/wiki\/Thomas_Barz<\/figcaption><\/figure>\n<h2><span class=\"diyfeDecoration\">Ausbildung\/ T\u00e4tigkeit<\/span><\/h2>\n<\/div>\n<div class=\"n module-type-text diyfeLiveArea \">\n<p>1987- 1993 \u00a0 Studium Humanmedizin Ernst- Moritz- Arndt- Universit\u00e4t Greifswald<\/p>\n<p>1993 \u00a0 \u00a0 \u00a0 \u00a0 \u00a0 \u00a0 Promotion<\/p>\n<p>1993- 1999 \u00a0 Facharztausbildung\u00a0Orthop\u00e4die\u00a0Klinikum Uckermark Schwedt<\/p>\n<p>2000- 2006 \u00a0 Oberarzt Orthop\u00e4die Schwedt<\/p>\n<p>2004- 2006 \u00a0 Leiter Department Wirbels\u00e4ulenchirurgie Schwedt<\/p>\n<p>2006- 2007 \u00a0 Orthop\u00e4discher Leiter Wirbels\u00e4ulenzentrum Universit\u00e4t Greifswald<\/p>\n<p>2007- 2017 \u00a0 Chefarzt Orthop\u00e4die\/ Unfallchirurgie Klinikum Uckermark Schwedt<\/p>\n<p>seit 01.07.2017 Orthop\u00e4dische Praxis in Greifswald<\/p>\n<p>2018 Habilitation und venia legendi Medizinische Fakult\u00e4t Universit\u00e4t Greifswald<\/p>\n<p>&nbsp;<\/p>\n<h2>Hospitationen<\/h2>\n<p>Orthopedic Department, Stoke Mandeville Hospital, Aylesbury<\/p>\n<p>Spine Department Queens Medical Hospital, Nottingham<\/p>\n<p>Wirbels\u00e4ulenchirurgie, Neustadt Holstein<\/p>\n<p>Wirbels\u00e4ulenchirurgie, Thun<\/p>\n<p>&nbsp;<\/p>\n<\/div>\n<div class=\"n module-type-header diyfeLiveArea \">\n<h2><span class=\"diyfeDecoration\">Qualifikationen<\/span><\/h2>\n<\/div>\n<div class=\"n module-type-text diyfeLiveArea \">\n<p>Facharzt Orthop\u00e4die<\/p>\n<p>Facharzt Orthop\u00e4die und Unfallchirurgie<\/p>\n<p>Weiterbildung Spezielle Orthop\u00e4dische Chirurgie<\/p>\n<p>Masterzertifikat Wirbels\u00e4ulenchirurgie<\/p>\n<p>Zusatzbezeichnungen<\/p>\n<p>Spezielle Unfallchirurgie<\/p>\n<p>Kinderorthop\u00e4die<\/p>\n<p>Orthop\u00e4dische Rheumatologie<\/p>\n<p>Notfallmedizin<\/p>\n<p>Chirotherapie\/ Manuelle Medizin<\/p>\n<p>Osteopathie<\/p>\n<p>R\u00f6ntgendiagnostik<\/p>\n<p>Fachkunden<\/p>\n<p>Ultraschall S\u00e4uglingsh\u00fcfte\/ Bewegungsapparat<\/p>\n<p>R\u00f6ntgen Skelett\/ Bildverst\u00e4rker- Wirbels\u00e4uleninjektionen<\/p>\n<p>Skelettszintigrafie\/ Radiosynoviorthese<\/p>\n<\/div>\n<div class=\"n module-type-header diyfeLiveArea \">\n<h2><span class=\"diyfeDecoration\">Fachgesellschaften<\/span><\/h2>\n<\/div>\n<div class=\"n module-type-text diyfeLiveArea \">\n<p>ISSLS \u00a0The International Society for the Study of the Lumbar Spine,\u00a0Task Force Member Spinal Stenosis<\/p>\n<p>EUROSPINE \u00a0The Spine Society of Europe<\/p>\n<p>DWG \u00a0Deutsche Wirbels\u00e4ulengesellschaft<\/p>\n<p>AE \u00a0 Deutsche Gesellschaft f\u00fcr Endoprothetik<\/p>\n<p>\u00c4MM \u00a0 \u00c4rztevereinigung f\u00fcr Manuelle Medizin<\/p>\n<p>DGOOC \u00a0Deutsche Gesellschaft f\u00fcr Orthop\u00e4die und Orthop\u00e4dische Chirurgie<\/p>\n<p>BVOU \u00a0Berufsverband Orthop\u00e4die und Unfallchirurgie<\/p>\n<p>DGRh \u00a0 Deutsche Gesellschaft f\u00fcr Rheumatologie<\/p>\n<p>VLK \u00a0Verband Leitender Krankenhaus\u00e4rzte<\/p>\n<\/div>\n<\/div>\n<h2>Ver\u00f6ffentlichungen<\/h2>\n<p><a href=\"https:\/\/www.ncbi.nlm.nih.gov\/pubmed\/?term=Barz+T\"><img decoding=\"async\" loading=\"lazy\" class=\"alignnone wp-image-186\" src=\"https:\/\/orthopraxis-barz.de\/wp-content\/uploads\/2017\/12\/PubMed-300x123.png\" alt=\"\" width=\"195\" height=\"80\" srcset=\"https:\/\/orthopraxis-barz.de\/wp-content\/uploads\/2017\/12\/PubMed-300x123.png 300w, https:\/\/orthopraxis-barz.de\/wp-content\/uploads\/2017\/12\/PubMed.png 458w\" sizes=\"(max-width: 195px) 100vw, 195px\" \/><\/a><\/p>\n<p>&nbsp;<\/p>\n<p>&nbsp;<\/p>\n<\/div>\n","protected":false},"excerpt":{"rendered":"<p>Ausbildung\/ T\u00e4tigkeit 1987- 1993 \u00a0 Studium Humanmedizin Ernst- Moritz- Arndt- Universit\u00e4t Greifswald 1993 \u00a0 \u00a0 \u00a0 \u00a0 \u00a0 \u00a0 Promotion 1993- 1999 \u00a0 Facharztausbildung\u00a0Orthop\u00e4die\u00a0Klinikum Uckermark Schwedt 2000- 2006 \u00a0 Oberarzt Orthop\u00e4die Schwedt 2004- 2006 \u00a0 Leiter Department Wirbels\u00e4ulenchirurgie Schwedt 2006- 2007 \u00a0 Orthop\u00e4discher Leiter Wirbels\u00e4ulenzentrum Universit\u00e4t Greifswald 2007- 2017 \u00a0 Chefarzt Orthop\u00e4die\/ Unfallchirurgie Klinikum Uckermark &hellip; <\/p>\n<p class=\"link-more\"><a href=\"https:\/\/orthopraxis-barz.de\/?page_id=50\" class=\"more-link\"><span class=\"screen-reader-text\">\u201ePrivatdozent Dr. med. habil. Thomas Barz\u201c<\/span> weiterlesen<\/a><\/p>\n","protected":false},"author":1,"featured_media":0,"parent":0,"menu_order":0,"comment_status":"closed","ping_status":"closed","template":"","meta":[],"_links":{"self":[{"href":"https:\/\/orthopraxis-barz.de\/index.php?rest_route=\/wp\/v2\/pages\/50"}],"collection":[{"href":"https:\/\/orthopraxis-barz.de\/index.php?rest_route=\/wp\/v2\/pages"}],"about":[{"href":"https:\/\/orthopraxis-barz.de\/index.php?rest_route=\/wp\/v2\/types\/page"}],"author":[{"embeddable":true,"href":"https:\/\/orthopraxis-barz.de\/index.php?rest_route=\/wp\/v2\/users\/1"}],"replies":[{"embeddable":true,"href":"https:\/\/orthopraxis-barz.de\/index.php?rest_route=%2Fwp%2Fv2%2Fcomments&post=50"}],"version-history":[{"count":15,"href":"https:\/\/orthopraxis-barz.de\/index.php?rest_route=\/wp\/v2\/pages\/50\/revisions"}],"predecessor-version":[{"id":312,"href":"https:\/\/orthopraxis-barz.de\/index.php?rest_route=\/wp\/v2\/pages\/50\/revisions\/312"}],"wp:attachment":[{"href":"https:\/\/orthopraxis-barz.de\/index.php?rest_route=%2Fwp%2Fv2%2Fmedia&parent=50"}],"curies":[{"name":"wp","href":"https:\/\/api.w.org\/{rel}","templated":true}]}}