{"id":305,"date":"2024-01-21T13:31:29","date_gmt":"2024-01-21T12:31:29","guid":{"rendered":"https:\/\/orthopraxis-barz.de\/?page_id=305"},"modified":"2025-03-06T22:33:30","modified_gmt":"2025-03-06T21:33:30","slug":"dr-med-robert-barz","status":"publish","type":"page","link":"https:\/\/orthopraxis-barz.de\/?page_id=305","title":{"rendered":"Dr. med. Robert Barz"},"content":{"rendered":"\n<figure class=\"wp-block-image size-full is-resized\"><img decoding=\"async\" loading=\"lazy\" src=\"https:\/\/orthopraxis-barz.de\/wp-content\/uploads\/2024\/01\/Robert-3-1.jpg\" alt=\"\" class=\"wp-image-311\" width=\"671\" height=\"270\" srcset=\"https:\/\/orthopraxis-barz.de\/wp-content\/uploads\/2024\/01\/Robert-3-1.jpg 597w, https:\/\/orthopraxis-barz.de\/wp-content\/uploads\/2024\/01\/Robert-3-1-300x121.jpg 300w\" sizes=\"(max-width: 671px) 100vw, 671px\" \/><\/figure>\n\n\n\n<h2 class=\"wp-block-heading\">Ausbildung\/ T\u00e4tigkeit<\/h2>\n\n\n\n<p>2008- 2014   Studium Humanmedizin Universit\u00e4t Greifswald<\/p>\n\n\n\n<p>2016                  Promotion<\/p>\n\n\n\n<p>2015- 2017    Facharztausbildung Orthop\u00e4die \/ Unfallchirurgie Klinikum Uckermark<\/p>\n\n\n\n<p>2017- 2022    Facharztausbildung Orthop\u00e4die\/ Unfallchirurgie Hanse Klinikum Wismar<\/p>\n\n\n\n<p>2024-                Oberarzt Orthop\u00e4die\/ Unfallchirurgie Hanse Klinikum Wismar<\/p>\n\n\n\n<p>  <\/p>\n\n\n\n<h2 class=\"wp-block-heading\">Hospitationen<\/h2>\n\n\n\n<p>Prof. Dr. Halm (Neustadt), Prof. Dr. Kothe (Hamburg), Prof. Dr. Heyde (Leipzig)<\/p>\n\n\n\n<p> <\/p>\n\n\n\n<h2 class=\"wp-block-heading\">Qualifikationen<\/h2>\n\n\n\n<p>Facharzt Orthop\u00e4die und Unfallchirurgie<\/p>\n\n\n\n<p>Basiszertifikat Wirbels\u00e4ulenchirurgie<\/p>\n\n\n\n<p><\/p>\n\n\n\n<p>Experte spezielle Osteoporoseversorgung DVO<\/p>\n\n\n\n<p><\/p>\n\n\n\n<p><\/p>\n\n\n\n<p>Fachkunden<\/p>\n\n\n\n<p>Ultraschall Bewegungsapparat<\/p>\n\n\n\n<p>R\u00f6ntgen Skelett- und Notfalldiagnostik<\/p>\n\n\n\n<p> <\/p>\n\n\n\n<h2 class=\"wp-block-heading\">Fachgesellschaften<\/h2>\n\n\n\n<p>DWG &nbsp;Deutsche Wirbels\u00e4ulengesellschaft<\/p>\n\n\n\n<p>AE &nbsp; Deutsche Gesellschaft f\u00fcr Endoprothetik<\/p>\n\n\n\n<p>\u00c4MM &nbsp; \u00c4rztevereinigung f\u00fcr Manuelle Medizin<\/p>\n\n\n\n<p>BDC &nbsp;Berufsverband der Deutschen Chirurgie<\/p>\n\n\n\n<p>BVOU &nbsp;Berufsverband Orthop\u00e4die und Unfallchirurgie<\/p>\n","protected":false},"excerpt":{"rendered":"<p>Ausbildung\/ T\u00e4tigkeit 2008- 2014 Studium Humanmedizin Universit\u00e4t Greifswald 2016 Promotion 2015- 2017 Facharztausbildung Orthop\u00e4die \/ Unfallchirurgie Klinikum Uckermark 2017- 2022 Facharztausbildung Orthop\u00e4die\/ Unfallchirurgie Hanse Klinikum Wismar 2024- Oberarzt Orthop\u00e4die\/ Unfallchirurgie Hanse Klinikum Wismar Hospitationen Prof. Dr. Halm (Neustadt), Prof. Dr. Kothe (Hamburg), Prof. Dr. Heyde (Leipzig) Qualifikationen Facharzt Orthop\u00e4die und Unfallchirurgie Basiszertifikat Wirbels\u00e4ulenchirurgie Experte spezielle &hellip; <\/p>\n<p class=\"link-more\"><a href=\"https:\/\/orthopraxis-barz.de\/?page_id=305\" class=\"more-link\"><span class=\"screen-reader-text\">\u201eDr. med. Robert Barz\u201c<\/span> weiterlesen<\/a><\/p>\n","protected":false},"author":1,"featured_media":0,"parent":0,"menu_order":0,"comment_status":"closed","ping_status":"closed","template":"","meta":[],"_links":{"self":[{"href":"https:\/\/orthopraxis-barz.de\/index.php?rest_route=\/wp\/v2\/pages\/305"}],"collection":[{"href":"https:\/\/orthopraxis-barz.de\/index.php?rest_route=\/wp\/v2\/pages"}],"about":[{"href":"https:\/\/orthopraxis-barz.de\/index.php?rest_route=\/wp\/v2\/types\/page"}],"author":[{"embeddable":true,"href":"https:\/\/orthopraxis-barz.de\/index.php?rest_route=\/wp\/v2\/users\/1"}],"replies":[{"embeddable":true,"href":"https:\/\/orthopraxis-barz.de\/index.php?rest_route=%2Fwp%2Fv2%2Fcomments&post=305"}],"version-history":[{"count":7,"href":"https:\/\/orthopraxis-barz.de\/index.php?rest_route=\/wp\/v2\/pages\/305\/revisions"}],"predecessor-version":[{"id":327,"href":"https:\/\/orthopraxis-barz.de\/index.php?rest_route=\/wp\/v2\/pages\/305\/revisions\/327"}],"wp:attachment":[{"href":"https:\/\/orthopraxis-barz.de\/index.php?rest_route=%2Fwp%2Fv2%2Fmedia&parent=305"}],"curies":[{"name":"wp","href":"https:\/\/api.w.org\/{rel}","templated":true}]}}